{"id":303,"date":"2024-07-11T14:21:37","date_gmt":"2024-07-11T12:21:37","guid":{"rendered":"https:\/\/www.ig-infrared.com\/wordpress\/?page_id=303"},"modified":"2024-07-11T14:52:57","modified_gmt":"2024-07-11T12:52:57","slug":"neues-guetesiegel-fuer-infrarotheizungen","status":"publish","type":"page","link":"https:\/\/www.ig-infrared.com\/wordpress\/neues-guetesiegel-fuer-infrarotheizungen\/","title":{"rendered":"Neues G\u00fctesiegel f\u00fcr Infrarotheizungen"},"content":{"rendered":"<section  class='av_textblock_section av-2cidp3-4e557d2350fb140a811eb1a6843c1940'  itemscope=\"itemscope\" itemtype=\"https:\/\/schema.org\/CreativeWork\" ><div class='avia_textblock'  itemprop=\"text\" ><p><strong>Neues G\u00fctesiegel f\u00fcr Infrarotheizungen<\/strong><\/p>\n<p><strong>Wichtiger n\u00e4chster Schritt f\u00fcr die Branche ++ IG Infrarot Austria f\u00fchrt EIHA-G\u00fctesiegel f\u00fcr Infrarotheizungen in den Markt ein ++ Europ\u00e4isches G\u00fctezeichen definiert Qualit\u00e4tskriterien f\u00fcr Infrarotheizungen ++ Messung des Strahlungswirkungsgrades nach Norm IEC 60675-3 ein wichtiges Kriterium<\/strong><\/p>\n<p><em>Wien, 11. Juli 2024. A<\/em>uf dem 4. Runden Tisch der Infrarotheizungsbranche im April 2024 in W\u00fcrzburg hat die European Infrared Heating Alliance (EIHA) ein neues G\u00fctesiegel f\u00fcr Infrarotheizungen vorgestellt: das \u201eEuropean Quality Label for Infrared Heating\u201c. Das Qualit\u00e4tslabel wurde in einem mehrj\u00e4hrigen Entwicklungsprozess von den IG Infrarot-Landesverb\u00e4nden Deutschland, \u00d6sterreich und Benelux in Kooperation mit der niederl\u00e4ndischen Stichting Binnenklimaattechniek (Stiftung Raumklimatechnik) und dem Beratungsunternehmen und Testlabor Peutz entwickelt. \u201eDas Qualit\u00e4tslabel ist ein bedeutender Fortschritt in der Standardisierung der elektrischen Infrarotheizung und garantiert Qualit\u00e4t und Zuverl\u00e4ssigkeit der Ger\u00e4te\u201c, sagte Bas Spekreijse, erster Vorsitzender der EIHA, auf dem Branchenevent vor 70 Teilnehmerinnen und Teilnehmern.<\/p>\n<p>Neben ihrer Funktion als Zusatzheizung werden Infrarotheizungen zunehmend als Hauptheizung in gut ged\u00e4mmten modernen Geb\u00e4uden oder als Teil einer Hybridheizung im Bestand eingesetzt. Aktuell gibt es eine Vielzahl an Infrarotheizger\u00e4ten, die \u00fcber verschiedene Kan\u00e4le f\u00fcr Verbraucher und Fachbetriebe erh\u00e4ltlich sind. \u201eManchmal ist unklar, welche Zertifizierung die Produkte haben und ob sie \u00fcberhaupt der Norm gem\u00e4\u00df als Infrarotheizung deklariert werden d\u00fcrfen\u201c, erkl\u00e4rt Thomas Reiter, Vorstand der EIHA und der IG Infrarot Austria, den Hintergrund der Entwicklung des G\u00fctesiegels. \u201eInfrarotheizungen m\u00fcssen in der Lage sein, mit Strahlungsw\u00e4rme ein angenehmes Raumklima zu schaffen. Dies ist aber nur m\u00f6glich, wenn ein Mindestanteil der in das Infrarotheizger\u00e4t eintretenden Energie in Strahlungsw\u00e4rme umgewandelt wird.\u201c<\/p>\n<p>Das Pr\u00fcfverfahren hierf\u00fcr ist in der Norm IEC 60675-3 beschrieben. Die 2020 verabschiedete Norm legt den Mindestwert des Strahlungswirkungsgrades fest, der eines der Kriterien f\u00fcr den Erhalt des Qualit\u00e4tssiegels ist. \u201eInfrarotheizger\u00e4te, die das G\u00fctesiegel tragen, wurden nach dieser Norm gepr\u00fcft, erf\u00fcllen den Mindestwert und d\u00fcrfen daher offiziell als Infrarotheizung bezeichnet werden\u201c, fasst Reiter zusammen.<\/p>\n<p>Konkret sind alle der folgenden Anforderungen zu erf\u00fcllen, um das G\u00fctesiegel zu erhalten:<br \/>\n\u00a0<\/p>\n<p><strong>Europ\u00e4isches Qualit\u00e4tszeichen &#8211; Internationale Zusammenarbeit<\/strong><\/p>\n<p>Das Qualit\u00e4tssiegel ist eine Initiative der European Infrared Heating Alliance (EIHA) und kann von deren Mitgliedern beantragt werden. Zu dem Mitgliederkreis geh\u00f6ren der europ\u00e4ische Dachverband EIHA, die Landesverb\u00e4nde IG Infrarot Benelux, IG Infrarot Deutschland und IG Infrarot Austria sowie Hersteller und Lieferanten aus anderen europ\u00e4ischen L\u00e4ndern, die direkt Mitglied in der EIHA sind. Die organisatorische Abwicklung der Antragstellung und Vergabe \u00fcbernimmt die niederl\u00e4ndische Stichting Binnenklimaattechniek (Stiftung Raumklimatechnik), die inhaltliche Bewertung der Antr\u00e4ge erfolgt durch Peutz. Antr\u00e4ge k\u00f6nnen ab sofort eingereicht werden. Seit dem 1. Juli 2024 kann das \u201eEuropean Quality Label for Infrared Heating\u201c angesucht und erteilt werden.<\/p>\n<p>Ausf\u00fchrliche Informationen zum \u201eEuropean Quality Label for Infrared Heating\u201c sind unter diesem Link zu finden: <a href=\"https:\/\/www.binnenklimaattechniek.nl\/european-quality-label-for-infrared-heating\/\">https:\/\/www.binnenklimaattechniek.nl\/european-quality-label-for-infrared-heating\/<\/a><\/p>\n<p><strong>F\u00fcr Presse-R\u00fcckfragen zum Quality Label und zur EIHA:<\/strong><\/p>\n<p>Thomas Reiter<\/p>\n<p>Vorstand EIHA und IG Infrarot Austria<\/p>\n<p>E-Mail: t.reiter@etherma.com\u00a0<\/p>\n<p>Tel.-Nr.: +43 6641801072<\/p>\n<p>Michael Ringbauer<\/p>\n<p>Obmann IG Infrarot Austria<\/p>\n<p>office.at@ig-infrared.com<\/p>\n<p>Tel.-Nr.: +43 6641824469<\/p>\n<p>IG Infrarot Austria<\/p>\n<p>Rautenweg 15<\/p>\n<p>A-1220 Wien<\/p>\n<p>office.at@ig-infrared.com<\/p>\n<p><a href=\"http:\/\/www.ig-infrarot.at\/\">www.ig-infrarot.at<\/a><\/p>\n<\/div><\/section>\n<div class='flex_column av-27uwdj-b4dad97dfa8cb68b458fb8993a6dc6ff av_one_half  avia-builder-el-1  el_after_av_textblock  el_before_av_one_half  first flex_column_div column-top-margin'     ><\/div>\n<div class='flex_column av-20xir3-e18a27bef2f0863d37c568c4a9cae096 av_one_half  avia-builder-el-2  el_after_av_one_half  el_before_av_one_fifth  flex_column_div column-top-margin'     ><\/div>\n<div class='flex_column av-1v893b-f11206a8075fe27511a944f361608775 av_one_fifth  avia-builder-el-3  el_after_av_one_half  el_before_av_one_half  first flex_column_div column-top-margin'     ><\/div>\n<div class='flex_column av-1oxhif-750d3e7bab0ed3909ff43556656ae5b8 av_one_half  avia-builder-el-4  el_after_av_one_fifth  el_before_av_one_half  flex_column_div column-top-margin'     ><\/div>\n<div class='flex_column av-1kc64f-d43fe63a2e4aeeb8a53997317206cd12 av_one_half  avia-builder-el-5  el_after_av_one_half  el_before_av_one_half  first flex_column_div column-top-margin'     ><\/div>\n<div class='flex_column av-1c8oan-73297219797923c34b053f63a384abc9 av_one_half  avia-builder-el-6  el_after_av_one_half  avia-builder-el-last  flex_column_div column-top-margin'     ><\/div>\n\n\n\n<figure class=\"wp-block-image alignright size-large\"><img fetchpriority=\"high\" decoding=\"async\" width=\"707\" height=\"1030\" src=\"https:\/\/www.ig-infrared.com\/wordpress\/wp-content\/uploads\/2024\/07\/RZ_Quality-Label-EIHA-_2023_04-2-1-707x1030.jpg\" alt=\"\" class=\"wp-image-310\" srcset=\"https:\/\/www.ig-infrared.com\/wordpress\/wp-content\/uploads\/2024\/07\/RZ_Quality-Label-EIHA-_2023_04-2-1-707x1030.jpg 707w, https:\/\/www.ig-infrared.com\/wordpress\/wp-content\/uploads\/2024\/07\/RZ_Quality-Label-EIHA-_2023_04-2-1-206x300.jpg 206w, https:\/\/www.ig-infrared.com\/wordpress\/wp-content\/uploads\/2024\/07\/RZ_Quality-Label-EIHA-_2023_04-2-1-768x1118.jpg 768w, https:\/\/www.ig-infrared.com\/wordpress\/wp-content\/uploads\/2024\/07\/RZ_Quality-Label-EIHA-_2023_04-2-1-1055x1536.jpg 1055w, https:\/\/www.ig-infrared.com\/wordpress\/wp-content\/uploads\/2024\/07\/RZ_Quality-Label-EIHA-_2023_04-2-1-1407x2048.jpg 1407w, https:\/\/www.ig-infrared.com\/wordpress\/wp-content\/uploads\/2024\/07\/RZ_Quality-Label-EIHA-_2023_04-2-1-1030x1500.jpg 1030w, https:\/\/www.ig-infrared.com\/wordpress\/wp-content\/uploads\/2024\/07\/RZ_Quality-Label-EIHA-_2023_04-2-1-484x705.jpg 484w, https:\/\/www.ig-infrared.com\/wordpress\/wp-content\/uploads\/2024\/07\/RZ_Quality-Label-EIHA-_2023_04-2-1-scaled.jpg 1758w\" sizes=\"(max-width: 707px) 100vw, 707px\" \/><\/figure>\n","protected":false},"excerpt":{"rendered":"","protected":false},"author":2,"featured_media":0,"parent":0,"menu_order":0,"comment_status":"closed","ping_status":"closed","template":"","meta":{"footnotes":""},"class_list":["post-303","page","type-page","status-publish","hentry"],"_links":{"self":[{"href":"https:\/\/www.ig-infrared.com\/wordpress\/wp-json\/wp\/v2\/pages\/303","targetHints":{"allow":["GET"]}}],"collection":[{"href":"https:\/\/www.ig-infrared.com\/wordpress\/wp-json\/wp\/v2\/pages"}],"about":[{"href":"https:\/\/www.ig-infrared.com\/wordpress\/wp-json\/wp\/v2\/types\/page"}],"author":[{"embeddable":true,"href":"https:\/\/www.ig-infrared.com\/wordpress\/wp-json\/wp\/v2\/users\/2"}],"replies":[{"embeddable":true,"href":"https:\/\/www.ig-infrared.com\/wordpress\/wp-json\/wp\/v2\/comments?post=303"}],"version-history":[{"count":5,"href":"https:\/\/www.ig-infrared.com\/wordpress\/wp-json\/wp\/v2\/pages\/303\/revisions"}],"predecessor-version":[{"id":314,"href":"https:\/\/www.ig-infrared.com\/wordpress\/wp-json\/wp\/v2\/pages\/303\/revisions\/314"}],"wp:attachment":[{"href":"https:\/\/www.ig-infrared.com\/wordpress\/wp-json\/wp\/v2\/media?parent=303"}],"curies":[{"name":"wp","href":"https:\/\/api.w.org\/{rel}","templated":true}]}}