{"id":289,"date":"2024-03-12T07:59:14","date_gmt":"2024-03-12T06:59:14","guid":{"rendered":"https:\/\/www.ig-infrared.com\/wordpress\/?page_id=289"},"modified":"2024-07-04T15:57:13","modified_gmt":"2024-07-04T13:57:13","slug":"289-2","status":"publish","type":"page","link":"https:\/\/www.ig-infrared.com\/wordpress\/289-2\/","title":{"rendered":"Infrarotheizungen sind in \u00d6sterreich erlaubt"},"content":{"rendered":"\n<p><\/p>\n\n\n\n<p class=\"has-large-font-size\"><strong>Infrarotheizungen sind in \u00d6sterreich erlaubt<\/strong><\/p>\n\n\n\n<p>Zur oftmals auftretenden Frage, ob IR-Heizungen (IRH) erlaubt oder verboten sind, kann die klare Stellungnahme abgegeben werden, dass diese erlaubt sind. <br>Im Folgenden die Begr\u00fcndung:<br>Diese Erlaubnis ist in Normen (\u00d6N H5056), Gesetzen (L\u00e4nderkompetenz in LBO oder LBT-VO) und Richtlinien (OIB RL6) nicht explizit festgehalten, weil dies f\u00fcr kein System explizit festgehalten ist (auch nicht f\u00fcr W\u00e4rmepumpen). Das ist logisch, da sich ja das energetische Gesamtkonzept mit (a) Heizung, (b) energetischer Geb\u00e4udeh\u00fclle, (c) erneuerbaren Anteilen f\u00fcr die Endenergien und (d) Energiegewinnung nur aus der Kombination von a, b, c und d ergibt. Es gibt also Objekte, bei denen mit einer gewissen Planung nicht ausreichend viele erneuerbare Anteile vorhanden sind. Das m\u00fcsste dann durch Verbesserung von b (bessere D\u00e4mmung) oder d (mehr PV) erreicht werden. Alleine schon von daher ist eine auf die Heizung reduzierte Aussage nicht zu treffen. Deshalb gibt es keine explizite Erlaubnis.<br>Umgekehrt aber ist auch kein explizites Verbot ausgesprochen, denn das w\u00e4re dann ja nicht technologieoffen und somit angreifbar.<br>Hier ist nun die legistische Kette kurz dargestellt:<\/p>\n\n\n\n<ol class=\"wp-block-list\">\n<li>\u00d6N H5056-1: hier ist die IRH in Kapitel 7.5.5.2 Heizung mit elektrischer Energie \u2013 Spezialfall: Infrarotheizung (IR-Heizung) explizit genannt, da diese gem\u00e4\u00df Tabelle 37 \u2014 Korrekturwerte fcorr,IR f\u00fcr den intermittierenden Betrieb geringeren Energieverbrauch gegen\u00fcber der elektrischen Direktheizung erlaubt! Von daher kann sie nicht verboten sein (Anmerkung: Ausz\u00fcge aus Normen sind nicht beigelegt. Dies ist insbesondere Mitgliedern des ASI-Komitees 235 untersagt).<\/li>\n\n\n\n<li>\u00d6N H5056-2: Hier sind die Referenzobjekte f\u00fcr die OIB RL6 festgehalten. Explizit ist in 10.1.2 Ausstattung: Photovoltaikanlage mit Stromdirektheizung und in 10.1.3 Ausstattung: Photovoltaikanlage mit Stromdirektheizung und Speicherung elektrischer Energie die Heizungsart \u201eInfrarotheizung\u201c festgehalten. (Anmerkung: Ausz\u00fcge aus Normen sind nicht beigelegt. Dies ist insbesondere Mitgliedern des ASI-Komitees 235 untersagt).<\/li>\n\n\n\n<li>OIB RL6: Diese basiert in wesentlichen Teilen auf der auf der \u00d6N H5056 (Teile 1 und 2; also inklusive den Referenzh\u00e4usern) und dient zu Harmonisierung aller Landesbaugesetzgebungen auf EU-Verordnungen (insbesondere der EPBD). Daher ist die IRH auch dort inkludiert.<\/li>\n\n\n\n<li>LBO und LBT-VO: diese m\u00fcssen mit wenigen l\u00e4nderspezifischen Besonderheiten der OIB RL6 entsprechen.<\/li>\n\n\n\n<li>Energieausweis (EAW): dieser ist in der OIB RL6 spezifiziert; sogar das Layout ist dort festgehalten. Bei Neubau oder wesentlicher Sanierung muss immer ein \u201egr\u00fcner\u201c Energieausweis vorliegen, d.h. dieser muss den gesetzlichen Anforderungen gen\u00fcgen. Der Energieausweis wird im Regelfall vom Energieberater oder festgelegten Gewerben (HKLS, Elektriker, Baumeister, \u2026) durch eine k\u00e4uflich zu erwerbende EAW-Software erstellt.<\/li>\n\n\n\n<li>EAW-Software: Diese muss allen vorangegangen Punkten 1\u20145 gen\u00fcgen und muss daher auch den Punkt \u201eInfrarotheizung\u201c ausw\u00e4hlbar (durch Anklicken) anbieten, da diese ja Energieeinsparungen gem\u00e4\u00df (1) bietet, was ein Verbot ausschlie\u00dft. Ist die IRH dort nicht anklickbar, so bedeutet dies nur, dass die Software nicht dem aktuellen, normenkonformen Stand entspricht und nicht, dass IRH verboten w\u00e4ren. Manchmal wird auch nur behautet, dass IRH nicht ausw\u00e4hlbar ist, was aber eher auf mangelnde Kenntnis des Bedieners schlie\u00dfen l\u00e4sst.<\/li>\n<\/ol>\n\n\n\n<p><\/p>\n","protected":false},"excerpt":{"rendered":"<p>Infrarotheizungen sind in \u00d6sterreich erlaubt Zur oftmals auftretenden Frage, ob IR-Heizungen (IRH) erlaubt oder verboten sind, kann die klare Stellungnahme abgegeben werden, dass diese erlaubt sind. Im Folgenden die Begr\u00fcndung:Diese Erlaubnis ist in Normen (\u00d6N H5056), Gesetzen (L\u00e4nderkompetenz in LBO oder LBT-VO) und Richtlinien (OIB RL6) nicht explizit festgehalten, weil dies f\u00fcr kein System explizit [&hellip;]<\/p>\n","protected":false},"author":2,"featured_media":0,"parent":0,"menu_order":0,"comment_status":"closed","ping_status":"closed","template":"","meta":{"footnotes":""},"class_list":["post-289","page","type-page","status-publish","hentry"],"_links":{"self":[{"href":"https:\/\/www.ig-infrared.com\/wordpress\/wp-json\/wp\/v2\/pages\/289","targetHints":{"allow":["GET"]}}],"collection":[{"href":"https:\/\/www.ig-infrared.com\/wordpress\/wp-json\/wp\/v2\/pages"}],"about":[{"href":"https:\/\/www.ig-infrared.com\/wordpress\/wp-json\/wp\/v2\/types\/page"}],"author":[{"embeddable":true,"href":"https:\/\/www.ig-infrared.com\/wordpress\/wp-json\/wp\/v2\/users\/2"}],"replies":[{"embeddable":true,"href":"https:\/\/www.ig-infrared.com\/wordpress\/wp-json\/wp\/v2\/comments?post=289"}],"version-history":[{"count":5,"href":"https:\/\/www.ig-infrared.com\/wordpress\/wp-json\/wp\/v2\/pages\/289\/revisions"}],"predecessor-version":[{"id":302,"href":"https:\/\/www.ig-infrared.com\/wordpress\/wp-json\/wp\/v2\/pages\/289\/revisions\/302"}],"wp:attachment":[{"href":"https:\/\/www.ig-infrared.com\/wordpress\/wp-json\/wp\/v2\/media?parent=289"}],"curies":[{"name":"wp","href":"https:\/\/api.w.org\/{rel}","templated":true}]}}