{"id":260,"date":"2023-04-12T12:55:32","date_gmt":"2023-04-12T10:55:32","guid":{"rendered":"https:\/\/www.ig-infrared.com\/wordpress\/?page_id=260"},"modified":"2024-03-12T07:52:53","modified_gmt":"2024-03-12T06:52:53","slug":"impressum","status":"publish","type":"page","link":"https:\/\/www.ig-infrared.com\/wordpress\/impressum\/","title":{"rendered":"Impressum"},"content":{"rendered":"<style>\/*! elementor - v3.12.1 - 02-04-2023 *\/<br \/>\n.elementor-heading-title{padding:0;margin:0;line-height:1}.elementor-widget-heading .elementor-heading-title[class*=elementor-size-]>a{color:inherit;font-size:inherit;line-height:inherit}.elementor-widget-heading .elementor-heading-title.elementor-size-small{font-size:15px}.elementor-widget-heading .elementor-heading-title.elementor-size-medium{font-size:19px}.elementor-widget-heading .elementor-heading-title.elementor-size-large{font-size:29px}.elementor-widget-heading .elementor-heading-title.elementor-size-xl{font-size:39px}.elementor-widget-heading .elementor-heading-title.elementor-size-xxl{font-size:59px}<\/style>\n<h2>Impressum<\/h2>\n<h4>IG Infrarot Austria<\/h4>\n<p><strong>Interessengemeinschaft Infrarot Austria<\/strong><\/p>\n<p><strong>Vereinssitz<\/strong>: Rautenweg 15, 1220 Wien<\/p>\n<p><strong>T<\/strong> +43 664 1824469<\/p>\n<p><strong>E<\/strong> <a href=\"mailto:office.AT@ig-infrared.com\">office.AT@ig-infrared.com<\/a><\/p>\n<p><strong>UID<\/strong>: ATU72201556<\/p>\n<p><strong>Rechtsform<\/strong>: Verein<\/p>\n<p><strong>ZVB-Zahl<\/strong>: 917280423<\/p>\n<p>Landespolizeidirektion Wien<\/p>\n<p><strong>Vorstand<\/strong>:<\/p>\n<ul>\n<li>Michael Ringbauer, MBA (Obmann)<\/li>\n<li>DI G\u00fcnther Hraby (Obmann Stv. \/ Schriftf\u00fchrer)<\/li>\n<li>Mag. Thomas Reiter (Kassier)<\/li>\n<\/ul>\n<h4>Vereinszweck:<\/h4>\n<p>Die Vereine, die nicht auf Gewinn ausgerichtet sind, verfolgen als Hauptziele die Schaffung einer politischen Interessenvertretung f\u00fcr die Infrarotheizungsbranche und den Aufbau von Kommunikationsstrukturen in der Branche. Durch gezielte Zusammenarbeit sollen gemeinsame Positionen erarbeitet, ver\u00f6ffentlicht und verteidigt werden.<\/p>\n<h6>F\u00fcr den Inhalt verantwortlich:<\/h6>\n<p>IG Infrarot, Rautenweg 15, 1220 Wien, office.at@lg-infrared.com<\/p>\n<h6>Copyright Fotos:<\/h6>\n<p>Dynatherm Fl\u00e4chenheizsysteme GmbH, easyTherm GmbH, Etherma Elektrow\u00e4rme GmbH, Haller Infrarot GmbH, Vitramo GmbH, WMT Thermosysteme GmbH, Fotolla<\/p>\n<h6>Gestaltung\/Programmierung:<\/h6>\n<p>IG Infrarot, Rautenweg 15, 1220 Wien, office.at@lg-infrared.com<\/p>\n<h6>Angaben zur Online-Streitbellegung:<\/h6>\n<p>Verbraucher haben die M\u00f6glichkelt, Beschwerden an die Online-Streitbelegungsplattform der EU zu richten: http:\/\/ec.europa.eu\/odr. Sie k\u00f6nnen allf\u00e4llige Beschwerden auch an die oben angegebenen E-Mall-Adressen richten<\/p>\n<h6>Links zu anderen Websites:<\/h6>\n<p>Unser Angebot enth\u00e4lt Links zu externen Webseiten Dritter, auf deren Inhalte wir keinen Einfluss haben, Deshalb k\u00f6nnen wir f\u00fcr diese fremden Inhalte auch keine Gew\u00e4hr \u00fcbernehmen.<\/p>\n<p>F\u00fcr die Inhalte der verlinkten Seiten Ist stets der jeweilige Anbleter oder Betrelber der Selten verantwortlich. Die verlinkten Selten wurden zum Zeitpunkt der Verlinkung auf m\u00f6gliche Rechtsverst\u00f6\u00dfe \u00fcberpr\u00fcft. Rechtswidrige Inhalte waren zum Zeitpunkt der Verlinkung nicht erkennbar. Eine permanente Inhaltliche Kontrolle der verlinkten Selten ist jedoch ohne konkrete Anhaltspunkte einer Rechtsverletzung nicht zumutbar. Bel Bekanntwerden von Rechtsverletzungen werden wir derartige Links umgehend entfernen.<\/p>\n<h6>\u00c4nderungen:<\/h6>\n<p>Diese Hinweise unterliegen der jeweiligen Rechtslage und k\u00f6nnen daher Anpassungen erforderlich machen.<\/p>\n<h2>Datenschutzerkl\u00e4rung<\/h2>\n<p>Der Schutz Ihrer pers\u00f6nlichen Daten ist uns ein besonderes Anliegen. Wir verarbeiten Ihre Daten daher ausschlie\u00dflich auf Grundlage der gesetzlichen Bestimmungen (DSGVO, TKG 2003, BDSG). In diesen Datenschutzinformationen informieren wir Sie \u00fcber die wichtigsten Aspekte der<\/p>\n<p>Datenverarbeitung im Rahmen unserer Website.<\/p>\n<p>Verantwortlich f\u00fcr die Verarbeitung Ihrer personenbezogener Daten sind die IG Infrarot Austria, Polgarstra\u00dfe 30, 1220 Wien, <a href=\"mailto:office.AT@ig-infrared.com\">office.AT@ig-infrared.com<\/a>.<\/p>\n<p>Ihre personenbezogenen Daten (Vorname, Nachname, Firma, Abteilung, Stra\u00dfe, Postleitzahl, Ort, Telefonnummer, E-Mail Adresse) werden zwecks Bearbeitung Ihrer Anfrage und f\u00fcr den Fall von Anschlussfragen aufgrund Ihrer durch das Absenden des Kontaktformulars erteilten Einwilligung \u00fcber den Mailserver unsers Hosters an uns \u00fcbermittelt, weiterverarbeitet und bei uns gespeichert. Diese werden ie nach Betreff zur bestm\u00f6alichen Beantwortung an die Mitalieder der IG Infrarot Austria (Polgarstra\u00dfe 30, 1220 Wien) weitergeleitet. Es besteht keine gesetzliche oder vertragliche Verpflichtung zur Bereitstellung der personenbezogenen Daten. Die<\/p>\n<p>Nichtbereitstellung hat ledialich zur Folge, dass wir Ihr Anliegen nicht bearbeiten k\u00f6nnen<\/p>\n<p>Wir weisen darauf hin, dass die Daten\u00fcbertragung im Internet (z.B. bei der Kommunikation per E-Mail) Sicherheitsl\u00fccken aufweisen kann. Ein l\u00fcckenloser Schutz der Daten vor dem Zugriff durch Dritte ist nicht m\u00f6glich.<\/p>\n<p><strong>Webanalyse mit Google Analytics<\/strong><\/p>\n<p>Diese Website benutzt Google Analytics, einen Webanalysedienst der Google Inc. (Google*). Google Analytics verwendet sog. \u201eCookies&#8220;, Textdateien, die auf Ihrem Computer gespeichert werden und die eine Analyse der Benutzung der Website durch Sie erm\u00f6glichen. Die durch den Cookie erzeugten Informationen \u00fcber Ihre Benutzung dieser Website werden in der Regel an einen Server von Google in den USA \u00fcbertragen und dort gespeichert. Diese Website nutzt die Funktion &#8222;Aktivierung der IP-Anonymisierung&#8220;. Dadurch wird Ihre IP-Adresse von Google innerhalb von Mitgliedstaaten der Europ\u00e4ischen Union oder in anderen Vertragsstaaten des Abkommens \u00fcber den Europ\u00e4ischen Wirtschaftsraum zuvor gek\u00fcrzt. Nur in Ausnahmef\u00e4llen wird die volle IP-Adresse an einen Server von Google in den USA \u00fcbertragen und dort gek\u00fcrzt.<\/p>\n<p>Laut Angaben von Google wird Google die erhobenen Daten benutzen, um die Nutzung der Website auszuwerten, um Reports \u00fcber die Websiteaktivit\u00e4ten zusammenzustellen und um weitere mit der Websitenutzung und der Internetnutzung verbundene Dienstleistungen zu erbringen.<\/p>\n<p>Auch wird Google diese Informationen gegebenenfalls an Dritte \u00fcbertragen, sofern dies gesetzlich vorgeschrieben ist oder soweit Dritte diese Daten im Auftrag von Google verarbeiten.<\/p>\n<p>Detaillierte Informationen zum Umgang mit Nutzerdaten bei Google Analytics finden Sie in der Datenschutzerkl\u00e4rung von Google bzw. von Google\u00a0Analytics.<\/p>\n<p><strong>Google Analytics deaktivieren:<\/strong><\/p>\n<p>Sie k\u00f6nnen die Erfassung Ihrer Nutzerdaten durch Google Analytics generell auf allen Websites verhindern, indem Sie das unter dem folgenden Link verf\u00fcgbare Browser-Plugin herunterladen und installieren: https:\/\/tools.google.com\/dlpage\/gaoptout?h|=de<\/p>\n<p><strong>Weitere Informationen &amp; Recht auf Widerruf<\/strong><\/p>\n<p>Ihr Vertrauen ist uns wichtig. Daher m\u00f6chten wir Ihnen jederzeit Rede und Antwort bez\u00fcglich der Verarbeitung Ihrer personenbezogenen Daten stehen. Bei Fragen zur Erhebung, Verarbeitung oder Nutzung Ihrer personenbezogenen Daten, bei Ausk\u00fcnften, Berichtigung, Sperrung oder L\u00f6schung von Daten sowie Widerruf ggf. erteilter Einwilligungen oder Widerspruch gegen eine bestimmte Datenverwendung wenden Sie sich bitte an <a href=\"mailto:office.AT@ig-infrared.com\">office.AT@ig-infrared.com.<\/a>\u00a0Wenn Sie glauben, dass die Verarbeitung Ihrer Daten gegen das Datenschutzrecht verst\u00f6\u00dft oder Ihre datenschutzrechtlichen Anspr\u00fcche sonst in einer Weise verletzt worden sind, k\u00f6nnen Sie sich au\u00dferdem bei der Aufsichtsbeh\u00f6rde beschweren. In \u00d6sterreich ist dies die Datenschutzbeh\u00f6rde.<\/p>\n","protected":false},"excerpt":{"rendered":"<p>Impressum IG Infrarot Austria Interessengemeinschaft Infrarot Austria Vereinssitz: Rautenweg 15, 1220 Wien T +43 664 1824469 E office.AT@ig-infrared.com UID: ATU72201556 Rechtsform: Verein ZVB-Zahl: 917280423 Landespolizeidirektion Wien Vorstand: Michael Ringbauer, MBA (Obmann) DI G\u00fcnther Hraby (Obmann Stv. \/ Schriftf\u00fchrer) Mag. Thomas Reiter (Kassier) Vereinszweck: Die Vereine, die nicht auf Gewinn ausgerichtet sind, verfolgen als Hauptziele die [&hellip;]<\/p>\n","protected":false},"author":1,"featured_media":0,"parent":0,"menu_order":0,"comment_status":"closed","ping_status":"closed","template":"","meta":{"footnotes":""},"class_list":["post-260","page","type-page","status-publish","hentry"],"_links":{"self":[{"href":"https:\/\/www.ig-infrared.com\/wordpress\/wp-json\/wp\/v2\/pages\/260","targetHints":{"allow":["GET"]}}],"collection":[{"href":"https:\/\/www.ig-infrared.com\/wordpress\/wp-json\/wp\/v2\/pages"}],"about":[{"href":"https:\/\/www.ig-infrared.com\/wordpress\/wp-json\/wp\/v2\/types\/page"}],"author":[{"embeddable":true,"href":"https:\/\/www.ig-infrared.com\/wordpress\/wp-json\/wp\/v2\/users\/1"}],"replies":[{"embeddable":true,"href":"https:\/\/www.ig-infrared.com\/wordpress\/wp-json\/wp\/v2\/comments?post=260"}],"version-history":[{"count":18,"href":"https:\/\/www.ig-infrared.com\/wordpress\/wp-json\/wp\/v2\/pages\/260\/revisions"}],"predecessor-version":[{"id":287,"href":"https:\/\/www.ig-infrared.com\/wordpress\/wp-json\/wp\/v2\/pages\/260\/revisions\/287"}],"wp:attachment":[{"href":"https:\/\/www.ig-infrared.com\/wordpress\/wp-json\/wp\/v2\/media?parent=260"}],"curies":[{"name":"wp","href":"https:\/\/api.w.org\/{rel}","templated":true}]}}