{"id":198,"date":"2023-04-12T11:18:52","date_gmt":"2023-04-12T09:18:52","guid":{"rendered":"https:\/\/www.ig-infrared.com\/wordpress\/?page_id=198"},"modified":"2023-04-12T11:20:15","modified_gmt":"2023-04-12T09:20:15","slug":"smart-home-infrarot","status":"publish","type":"page","link":"https:\/\/www.ig-infrared.com\/wordpress\/smart-home-infrarot\/","title":{"rendered":"Smart Home &#038; Infrarot"},"content":{"rendered":"\t\t<div data-elementor-type=\"wp-page\" data-elementor-id=\"198\" class=\"elementor elementor-198\">\n\t\t\t\t<div class=\"elementor-element elementor-element-d6ea491 e-flex e-con-boxed e-con e-parent\" data-id=\"d6ea491\" data-element_type=\"container\" data-core-v316-plus=\"true\">\n\t\t\t\t\t<div class=\"e-con-inner\">\n\t\t\t\t<div class=\"elementor-element elementor-element-c5386a5 elementor-widget elementor-widget-heading\" data-id=\"c5386a5\" data-element_type=\"widget\" data-widget_type=\"heading.default\">\n\t\t\t\t<div class=\"elementor-widget-container\">\n\t\t\t<style>\/*! elementor - v3.20.0 - 26-03-2024 *\/\n.elementor-heading-title{padding:0;margin:0;line-height:1}.elementor-widget-heading .elementor-heading-title[class*=elementor-size-]>a{color:inherit;font-size:inherit;line-height:inherit}.elementor-widget-heading .elementor-heading-title.elementor-size-small{font-size:15px}.elementor-widget-heading .elementor-heading-title.elementor-size-medium{font-size:19px}.elementor-widget-heading .elementor-heading-title.elementor-size-large{font-size:29px}.elementor-widget-heading .elementor-heading-title.elementor-size-xl{font-size:39px}.elementor-widget-heading .elementor-heading-title.elementor-size-xxl{font-size:59px}<\/style><h3 class=\"elementor-heading-title elementor-size-default\">Die Infrarotheizung.<\/h3>\t\t<\/div>\n\t\t\t\t<\/div>\n\t\t\t\t<div class=\"elementor-element elementor-element-e366db5 elementor-widget elementor-widget-heading\" data-id=\"e366db5\" data-element_type=\"widget\" data-widget_type=\"heading.default\">\n\t\t\t\t<div class=\"elementor-widget-container\">\n\t\t\t<h2 class=\"elementor-heading-title elementor-size-default\">\nIdealer Baustein im Smart Home.<\/h2>\t\t<\/div>\n\t\t\t\t<\/div>\n\t\t\t\t<div class=\"elementor-element elementor-element-957b588 elementor-widget elementor-widget-text-editor\" data-id=\"957b588\" data-element_type=\"widget\" data-widget_type=\"text-editor.default\">\n\t\t\t\t<div class=\"elementor-widget-container\">\n\t\t\t<style>\/*! elementor - v3.20.0 - 26-03-2024 *\/\n.elementor-widget-text-editor.elementor-drop-cap-view-stacked .elementor-drop-cap{background-color:#69727d;color:#fff}.elementor-widget-text-editor.elementor-drop-cap-view-framed .elementor-drop-cap{color:#69727d;border:3px solid;background-color:transparent}.elementor-widget-text-editor:not(.elementor-drop-cap-view-default) .elementor-drop-cap{margin-top:8px}.elementor-widget-text-editor:not(.elementor-drop-cap-view-default) .elementor-drop-cap-letter{width:1em;height:1em}.elementor-widget-text-editor .elementor-drop-cap{float:left;text-align:center;line-height:1;font-size:50px}.elementor-widget-text-editor .elementor-drop-cap-letter{display:inline-block}<\/style>\t\t\t\t<p>Der Begriff \u201eSmart Home&#8220; existierte bereits rund um die Jahrtausendwende und dr\u00e4ngt seither langsam und stetig in das \u00f6ffentliche Bewusstsein. Seit die Energiewende mit ihren zahlreichen Facetten von Elektromobilit\u00e4t bis Energieautarkie in aller Munde ist, gewinnt auch das Smart Home immer mehr an Bedeutung.<\/p><p>Smart Home steht f\u00fcr intelligentes, vernetztes Wohnen. Hierbei k\u00f6nnen einige ausgew\u00e4hlte oder auch alle der zahlreichen Funktionen eines Haushalts (Elektroger\u00e4te, Licht, Heizung, etc.) mit neuesten technischen M\u00f6glichkeiten vernetzt werden. Mittels PC oder Smartphone kann jederzeit auf das System zugegriffen und \u00c4nderungen vorgenommen werden. Eine bedarfsgerechte Steuerung des Energiehaushalts soll den Strom- und W\u00e4rmeverbrauch optimieren und dadurch einerseits Energie und Kosten sparen und gleichzeitig Komfort und Sicherheit erh\u00f6hen.<\/p><p>Ein Teilaspekt des Smart Home ist die intelligente Heizung. Durch das Zusammenspiel von Temperatursensoren und der Steuerung von Heizung bzw.<\/p><p>Klimaanlage, werden alle Bereiche im gesamten Haus auf der richtigen Temperatur gehalten. So schaltet sich beispielsweise die Heizung automatisch ein, wenn die Au\u00dfentemperatur einen bestimmten, vorher definierten, Wert unterschritten hat. Hierbei k\u00f6nnen auch die Feuchtigkeit und der Sonneneinfall ber\u00fccksichtiat werden. Wasserf\u00fchrende Systeme k\u00f6nnen nur mit erheblicher zeitlicher Verz\u00f6gerung auf \u00c4nderungen des W\u00e4rmebedarfs reagieren. Die Infrarotheizung hingegen reagiert zeitnah und flexibel auf individuelles Nutzungsverhalten und erh\u00f6ht den Wohnkomfort. Durch vergleichsweise geringe Anschaffungskosten und bedarfsgerechte Steuerung werden gegen\u00fcber herk\u00f6mmlichen Heizsystemen Energie und Kosten gespart. Zus\u00e4tzliches<\/p><p>Einsparungspotenzial bieten besondere Infrarot-Tarife sowie die Nutzung von Eigenstrom.<\/p>\t\t\t\t\t\t<\/div>\n\t\t\t\t<\/div>\n\t\t\t\t\t<\/div>\n\t\t\t\t<\/div>\n\t\t\t\t<\/div>\n\t\t","protected":false},"excerpt":{"rendered":"<p>Die Infrarotheizung. Idealer Baustein im Smart Home. Der Begriff \u201eSmart Home&#8220; existierte bereits rund um die Jahrtausendwende und dr\u00e4ngt seither langsam und stetig in das \u00f6ffentliche Bewusstsein. Seit die Energiewende mit ihren zahlreichen Facetten von Elektromobilit\u00e4t bis Energieautarkie in aller Munde ist, gewinnt auch das Smart Home immer mehr an Bedeutung. Smart Home steht f\u00fcr [&hellip;]<\/p>\n","protected":false},"author":1,"featured_media":0,"parent":0,"menu_order":0,"comment_status":"closed","ping_status":"closed","template":"","meta":{"footnotes":""},"class_list":["post-198","page","type-page","status-publish","hentry"],"_links":{"self":[{"href":"https:\/\/www.ig-infrared.com\/wordpress\/wp-json\/wp\/v2\/pages\/198","targetHints":{"allow":["GET"]}}],"collection":[{"href":"https:\/\/www.ig-infrared.com\/wordpress\/wp-json\/wp\/v2\/pages"}],"about":[{"href":"https:\/\/www.ig-infrared.com\/wordpress\/wp-json\/wp\/v2\/types\/page"}],"author":[{"embeddable":true,"href":"https:\/\/www.ig-infrared.com\/wordpress\/wp-json\/wp\/v2\/users\/1"}],"replies":[{"embeddable":true,"href":"https:\/\/www.ig-infrared.com\/wordpress\/wp-json\/wp\/v2\/comments?post=198"}],"version-history":[{"count":7,"href":"https:\/\/www.ig-infrared.com\/wordpress\/wp-json\/wp\/v2\/pages\/198\/revisions"}],"predecessor-version":[{"id":205,"href":"https:\/\/www.ig-infrared.com\/wordpress\/wp-json\/wp\/v2\/pages\/198\/revisions\/205"}],"wp:attachment":[{"href":"https:\/\/www.ig-infrared.com\/wordpress\/wp-json\/wp\/v2\/media?parent=198"}],"curies":[{"name":"wp","href":"https:\/\/api.w.org\/{rel}","templated":true}]}}