{"id":190,"date":"2023-04-12T11:08:32","date_gmt":"2023-04-12T09:08:32","guid":{"rendered":"https:\/\/www.ig-infrared.com\/wordpress\/?page_id=190"},"modified":"2023-04-12T11:18:15","modified_gmt":"2023-04-12T09:18:15","slug":"heizen-mit-infrarot","status":"publish","type":"page","link":"https:\/\/www.ig-infrared.com\/wordpress\/heizen-mit-infrarot\/","title":{"rendered":"Heizen mit Infrarot"},"content":{"rendered":"\t\t<div data-elementor-type=\"wp-page\" data-elementor-id=\"190\" class=\"elementor elementor-190\">\n\t\t\t\t<div class=\"elementor-element elementor-element-23f98ad e-flex e-con-boxed e-con e-parent\" data-id=\"23f98ad\" data-element_type=\"container\" data-core-v316-plus=\"true\">\n\t\t\t\t\t<div class=\"e-con-inner\">\n\t\t\t\t<div class=\"elementor-element elementor-element-a5be6b4 elementor-widget elementor-widget-heading\" data-id=\"a5be6b4\" data-element_type=\"widget\" data-widget_type=\"heading.default\">\n\t\t\t\t<div class=\"elementor-widget-container\">\n\t\t\t<style>\/*! elementor - v3.20.0 - 26-03-2024 *\/\n.elementor-heading-title{padding:0;margin:0;line-height:1}.elementor-widget-heading .elementor-heading-title[class*=elementor-size-]>a{color:inherit;font-size:inherit;line-height:inherit}.elementor-widget-heading .elementor-heading-title.elementor-size-small{font-size:15px}.elementor-widget-heading .elementor-heading-title.elementor-size-medium{font-size:19px}.elementor-widget-heading .elementor-heading-title.elementor-size-large{font-size:29px}.elementor-widget-heading .elementor-heading-title.elementor-size-xl{font-size:39px}.elementor-widget-heading .elementor-heading-title.elementor-size-xxl{font-size:59px}<\/style><h2 class=\"elementor-heading-title elementor-size-default\">Heizen mit Infrarot. einfach. sch\u00f6n. warm.<\/h2>\t\t<\/div>\n\t\t\t\t<\/div>\n\t\t\t\t<div class=\"elementor-element elementor-element-8f0a1ed elementor-widget elementor-widget-text-editor\" data-id=\"8f0a1ed\" data-element_type=\"widget\" data-widget_type=\"text-editor.default\">\n\t\t\t\t<div class=\"elementor-widget-container\">\n\t\t\t<style>\/*! elementor - v3.20.0 - 26-03-2024 *\/\n.elementor-widget-text-editor.elementor-drop-cap-view-stacked .elementor-drop-cap{background-color:#69727d;color:#fff}.elementor-widget-text-editor.elementor-drop-cap-view-framed .elementor-drop-cap{color:#69727d;border:3px solid;background-color:transparent}.elementor-widget-text-editor:not(.elementor-drop-cap-view-default) .elementor-drop-cap{margin-top:8px}.elementor-widget-text-editor:not(.elementor-drop-cap-view-default) .elementor-drop-cap-letter{width:1em;height:1em}.elementor-widget-text-editor .elementor-drop-cap{float:left;text-align:center;line-height:1;font-size:50px}.elementor-widget-text-editor .elementor-drop-cap-letter{display:inline-block}<\/style>\t\t\t\t<p>Minimaler Energieverbrauch bei maximaler W\u00e4rmeabgabe. Angenehmes Raumklima und individuelle Wohlf\u00fchloasen. W\u00e4rme erzeugen genau dort wo und wann man sie braucht. Das alles bieten Infrarotheizl\u00f6sungen europ\u00e4ischer Qualit\u00e4tsanbieter.<\/p><p>Eine korrekt dimensionierte elektrische Infrarotheizung \u00fcbertrifft an Behaglichkeit und Komfort die meisten anderen Heizsysteme. Mittels Infrarot<\/p><p>W\u00e4rmestrahlung lassen sich Wohnr\u00e4ume sehr gleichm\u00e4\u00dfig temperieren. Durch gezielte Platzierung der Paneele im Raum k\u00f6nnen Komfortzonen zus\u00e4tzlich mit W\u00e4rme versorgt werden.<\/p><p>Die Anwendungsgebiete von Infrarotheizungen reichen von der lokalen Inselheizl\u00f6sung am Arbeitsplatz \u00fcber komfortable Zusatzheizungen z.B. im<\/p><p>Badezimmer bis hin zum innovativen Gesamtkonzept mit Infrarotpaneelen als integriertes Hauptheizsystem bei Sanierung und Neubau.<\/p><p>In der Gesamtkostenbetrachtung liegen die Vorteile von Infrarotheizsystemen in den veraleichsweise geringen Investitionskosten sowie einer langen Lebensdauer. Der Entfall von Wartungs- und Instandhaltungskosten in Verbindung mit guten Verbrauchswerten entlastet das Haushaltsbudget zus\u00e4tzlich.<\/p><p>Dank modernster Technik sind Infrarot Heizl\u00f6sungen auch ideal f\u00fcr die Kombination mit Photovoltaik, Batteriespeicher und Energiemanagementsystemen zur Eigenverbauchsoptimierung geeignet.<\/p>\t\t\t\t\t\t<\/div>\n\t\t\t\t<\/div>\n\t\t\t\t<div class=\"elementor-element elementor-element-6c8d8cf elementor-widget-divider--view-line elementor-widget elementor-widget-divider\" data-id=\"6c8d8cf\" data-element_type=\"widget\" data-widget_type=\"divider.default\">\n\t\t\t\t<div class=\"elementor-widget-container\">\n\t\t\t<style>\/*! elementor - v3.20.0 - 26-03-2024 *\/\n.elementor-widget-divider{--divider-border-style:none;--divider-border-width:1px;--divider-color:#0c0d0e;--divider-icon-size:20px;--divider-element-spacing:10px;--divider-pattern-height:24px;--divider-pattern-size:20px;--divider-pattern-url:none;--divider-pattern-repeat:repeat-x}.elementor-widget-divider .elementor-divider{display:flex}.elementor-widget-divider .elementor-divider__text{font-size:15px;line-height:1;max-width:95%}.elementor-widget-divider .elementor-divider__element{margin:0 var(--divider-element-spacing);flex-shrink:0}.elementor-widget-divider .elementor-icon{font-size:var(--divider-icon-size)}.elementor-widget-divider .elementor-divider-separator{display:flex;margin:0;direction:ltr}.elementor-widget-divider--view-line_icon .elementor-divider-separator,.elementor-widget-divider--view-line_text .elementor-divider-separator{align-items:center}.elementor-widget-divider--view-line_icon .elementor-divider-separator:after,.elementor-widget-divider--view-line_icon .elementor-divider-separator:before,.elementor-widget-divider--view-line_text .elementor-divider-separator:after,.elementor-widget-divider--view-line_text .elementor-divider-separator:before{display:block;content:\"\";border-block-end:0;flex-grow:1;border-block-start:var(--divider-border-width) var(--divider-border-style) var(--divider-color)}.elementor-widget-divider--element-align-left .elementor-divider .elementor-divider-separator>.elementor-divider__svg:first-of-type{flex-grow:0;flex-shrink:100}.elementor-widget-divider--element-align-left .elementor-divider-separator:before{content:none}.elementor-widget-divider--element-align-left .elementor-divider__element{margin-left:0}.elementor-widget-divider--element-align-right .elementor-divider .elementor-divider-separator>.elementor-divider__svg:last-of-type{flex-grow:0;flex-shrink:100}.elementor-widget-divider--element-align-right .elementor-divider-separator:after{content:none}.elementor-widget-divider--element-align-right .elementor-divider__element{margin-right:0}.elementor-widget-divider--element-align-start .elementor-divider .elementor-divider-separator>.elementor-divider__svg:first-of-type{flex-grow:0;flex-shrink:100}.elementor-widget-divider--element-align-start .elementor-divider-separator:before{content:none}.elementor-widget-divider--element-align-start .elementor-divider__element{margin-inline-start:0}.elementor-widget-divider--element-align-end .elementor-divider .elementor-divider-separator>.elementor-divider__svg:last-of-type{flex-grow:0;flex-shrink:100}.elementor-widget-divider--element-align-end .elementor-divider-separator:after{content:none}.elementor-widget-divider--element-align-end .elementor-divider__element{margin-inline-end:0}.elementor-widget-divider:not(.elementor-widget-divider--view-line_text):not(.elementor-widget-divider--view-line_icon) .elementor-divider-separator{border-block-start:var(--divider-border-width) var(--divider-border-style) var(--divider-color)}.elementor-widget-divider--separator-type-pattern{--divider-border-style:none}.elementor-widget-divider--separator-type-pattern.elementor-widget-divider--view-line .elementor-divider-separator,.elementor-widget-divider--separator-type-pattern:not(.elementor-widget-divider--view-line) .elementor-divider-separator:after,.elementor-widget-divider--separator-type-pattern:not(.elementor-widget-divider--view-line) .elementor-divider-separator:before,.elementor-widget-divider--separator-type-pattern:not([class*=elementor-widget-divider--view]) .elementor-divider-separator{width:100%;min-height:var(--divider-pattern-height);-webkit-mask-size:var(--divider-pattern-size) 100%;mask-size:var(--divider-pattern-size) 100%;-webkit-mask-repeat:var(--divider-pattern-repeat);mask-repeat:var(--divider-pattern-repeat);background-color:var(--divider-color);-webkit-mask-image:var(--divider-pattern-url);mask-image:var(--divider-pattern-url)}.elementor-widget-divider--no-spacing{--divider-pattern-size:auto}.elementor-widget-divider--bg-round{--divider-pattern-repeat:round}.rtl .elementor-widget-divider .elementor-divider__text{direction:rtl}.e-con-inner>.elementor-widget-divider,.e-con>.elementor-widget-divider{width:var(--container-widget-width,100%);--flex-grow:var(--container-widget-flex-grow)}<\/style>\t\t<div class=\"elementor-divider\">\n\t\t\t<span class=\"elementor-divider-separator\">\n\t\t\t\t\t\t<\/span>\n\t\t<\/div>\n\t\t\t\t<\/div>\n\t\t\t\t<\/div>\n\t\t\t\t<div class=\"elementor-element elementor-element-ea373b0 elementor-widget elementor-widget-heading\" data-id=\"ea373b0\" data-element_type=\"widget\" data-widget_type=\"heading.default\">\n\t\t\t\t<div class=\"elementor-widget-container\">\n\t\t\t<h3 class=\"elementor-heading-title elementor-size-default\">Wie funktioniert die Infrarotheizung?<\/h3>\t\t<\/div>\n\t\t\t\t<\/div>\n\t\t\t\t<div class=\"elementor-element elementor-element-a3ba2a7 elementor-widget elementor-widget-text-editor\" data-id=\"a3ba2a7\" data-element_type=\"widget\" data-widget_type=\"text-editor.default\">\n\t\t\t\t<div class=\"elementor-widget-container\">\n\t\t\t\t\t\t\t<p>Die Infrarotheizung basiert auf dem Prinzip der Sonnenstrahlung. Physikalisch gesehen ist Infrarotstrahlung eine elektromagnetische Welle, die unterhalb des roten Endes des Lichts liegt und sich mit einer Wellenl\u00e4nge von 780 m bis 1 mm im freien Raum ausbreitet.<\/p>\t\t\t\t\t\t<\/div>\n\t\t\t\t<\/div>\n\t\t\t\t<div class=\"elementor-element elementor-element-f9f1170 elementor-widget elementor-widget-image\" data-id=\"f9f1170\" data-element_type=\"widget\" data-widget_type=\"image.default\">\n\t\t\t\t<div class=\"elementor-widget-container\">\n\t\t\t<style>\/*! elementor - v3.20.0 - 26-03-2024 *\/\n.elementor-widget-image{text-align:center}.elementor-widget-image a{display:inline-block}.elementor-widget-image a img[src$=\".svg\"]{width:48px}.elementor-widget-image img{vertical-align:middle;display:inline-block}<\/style>\t\t\t\t\t\t\t\t\t\t<img fetchpriority=\"high\" decoding=\"async\" width=\"1024\" height=\"389\" src=\"https:\/\/www.ig-infrared.com\/wordpress\/wp-content\/uploads\/2023\/04\/spektrum_der_waermestrahlung-1024x389.png\" class=\"attachment-large size-large wp-image-30\" alt=\"\" srcset=\"https:\/\/www.ig-infrared.com\/wordpress\/wp-content\/uploads\/2023\/04\/spektrum_der_waermestrahlung-1024x389.png 1024w, https:\/\/www.ig-infrared.com\/wordpress\/wp-content\/uploads\/2023\/04\/spektrum_der_waermestrahlung-300x114.png 300w, https:\/\/www.ig-infrared.com\/wordpress\/wp-content\/uploads\/2023\/04\/spektrum_der_waermestrahlung-768x292.png 768w, https:\/\/www.ig-infrared.com\/wordpress\/wp-content\/uploads\/2023\/04\/spektrum_der_waermestrahlung.png 1500w\" sizes=\"(max-width: 1024px) 100vw, 1024px\" \/>\t\t\t\t\t\t\t\t\t\t\t\t\t<\/div>\n\t\t\t\t<\/div>\n\t\t\t\t\t<\/div>\n\t\t\t\t<\/div>\n\t\t<div class=\"elementor-element elementor-element-122f8e4 e-flex e-con-boxed e-con e-parent\" data-id=\"122f8e4\" data-element_type=\"container\" data-core-v316-plus=\"true\">\n\t\t\t\t\t<div class=\"e-con-inner\">\n\t\t<div class=\"elementor-element elementor-element-9daea5b e-con-full e-flex e-con e-child\" data-id=\"9daea5b\" data-element_type=\"container\">\n\t\t\t\t<div class=\"elementor-element elementor-element-742fd69 elementor-widget elementor-widget-text-editor\" data-id=\"742fd69\" data-element_type=\"widget\" data-widget_type=\"text-editor.default\">\n\t\t\t\t<div class=\"elementor-widget-container\">\n\t\t\t\t\t\t\t<p>Die W\u00e4rmestrahlung erw\u00e4rmt nicht prim\u00e4r die Luft, vielmehr nehmen die Decke, W\u00e4nde, Gegenst\u00e4nde und der Mensch die Strahlungsw\u00e4rme auf. Die Umgebung speichert die W\u00e4rme und gibt diese wieder an den Raum ab (Sekund\u00e4rstrahlung). Durch die homogene Erw\u00e4rmung des Raumes entsteht ein angenehmes Raumklima, in dem Verluste durch aufsteigende Warmluft weitgehend vermieden werden.<\/p><p>Zus\u00e4tzlich entsteht durch die Kombination aus direkter W\u00e4rmestrahlung in Verbindung mit der erh\u00f6hten Raumh\u00fcllentemperatur (Wandtemperatur) ein subjektives W\u00e4rmeempfinden, das um 2-3\u00b0<span style=\"color: var( --e-global-color-text ); text-align: var(--text-align);\">C \u00fcber der tats\u00e4chlichen Raumlufttemperatur liegt. Das hei\u00dft, die gef\u00fchlte Temperatur liegt h\u00f6her als die tats\u00e4chliche Raumlufttemperatur. Diesem Ph\u00e4nomen begegnet man auch an einem kalten Wintertag: durch die direkte Sonnenstrahlung ist das subjektive W\u00e4rmeempfinden h\u00f6her als die tats\u00e4chliche Lufttemperatur.<\/span><\/p><p>Als Grundregel gilt, je h\u00f6her die Wandtemperatur, desto geringer die notwendige\u00a0<span style=\"color: var( --e-global-color-text ); text-align: var(--text-align);\">Raumlufttemperatur bei gleicher Behaglichkeit.<\/span><\/p><p>Das Behaglichkeitsdiagramm nach Bedford und Liese besagt, dass man bei warmen W\u00e4nden trotz geringerer Raumlufttemperatur gleiche Behaglichkeit empfindet. Damit kann die Raumlufttemperatur abgesenkt werden und jedes Grad weniger Raumlufttemperatur spart 6% an\u00a0<span style=\"color: var( --e-global-color-text ); text-align: var(--text-align);\">Energie.<\/span><\/p>\t\t\t\t\t\t<\/div>\n\t\t\t\t<\/div>\n\t\t\t\t<\/div>\n\t\t<div class=\"elementor-element elementor-element-57a834b e-con-full e-flex e-con e-child\" data-id=\"57a834b\" data-element_type=\"container\">\n\t\t\t\t<div class=\"elementor-element elementor-element-750f876 elementor-widget elementor-widget-image\" data-id=\"750f876\" data-element_type=\"widget\" data-widget_type=\"image.default\">\n\t\t\t\t<div class=\"elementor-widget-container\">\n\t\t\t\t\t\t\t\t\t\t\t\t\t<img decoding=\"async\" width=\"1000\" height=\"809\" src=\"https:\/\/www.ig-infrared.com\/wordpress\/wp-content\/uploads\/2023\/04\/Wand_Raumtemperatur.png\" class=\"attachment-large size-large wp-image-37\" alt=\"\" srcset=\"https:\/\/www.ig-infrared.com\/wordpress\/wp-content\/uploads\/2023\/04\/Wand_Raumtemperatur.png 1000w, https:\/\/www.ig-infrared.com\/wordpress\/wp-content\/uploads\/2023\/04\/Wand_Raumtemperatur-300x243.png 300w, https:\/\/www.ig-infrared.com\/wordpress\/wp-content\/uploads\/2023\/04\/Wand_Raumtemperatur-768x621.png 768w\" sizes=\"(max-width: 1000px) 100vw, 1000px\" \/>\t\t\t\t\t\t\t\t\t\t\t\t\t<\/div>\n\t\t\t\t<\/div>\n\t\t\t\t<\/div>\n\t\t\t\t\t<\/div>\n\t\t\t\t<\/div>\n\t\t<div class=\"elementor-element elementor-element-3e12939 e-flex e-con-boxed e-con e-parent\" data-id=\"3e12939\" data-element_type=\"container\" data-core-v316-plus=\"true\">\n\t\t\t\t\t<div class=\"e-con-inner\">\n\t\t\t\t<div class=\"elementor-element elementor-element-297cbff elementor-widget-divider--view-line elementor-widget elementor-widget-divider\" data-id=\"297cbff\" data-element_type=\"widget\" data-widget_type=\"divider.default\">\n\t\t\t\t<div class=\"elementor-widget-container\">\n\t\t\t\t\t<div class=\"elementor-divider\">\n\t\t\t<span class=\"elementor-divider-separator\">\n\t\t\t\t\t\t<\/span>\n\t\t<\/div>\n\t\t\t\t<\/div>\n\t\t\t\t<\/div>\n\t\t\t\t<div class=\"elementor-element elementor-element-5d1df79 elementor-widget elementor-widget-heading\" data-id=\"5d1df79\" data-element_type=\"widget\" data-widget_type=\"heading.default\">\n\t\t\t\t<div class=\"elementor-widget-container\">\n\t\t\t<h3 class=\"elementor-heading-title elementor-size-default\">Wodurch zeichnet sich eine Infrarotheizung im Vergleich zu anderen Heizsystemen aus?<\/h3>\t\t<\/div>\n\t\t\t\t<\/div>\n\t\t\t\t<div class=\"elementor-element elementor-element-c1a6f78 elementor-widget elementor-widget-text-editor\" data-id=\"c1a6f78\" data-element_type=\"widget\" data-widget_type=\"text-editor.default\">\n\t\t\t\t<div class=\"elementor-widget-container\">\n\t\t\t\t\t\t\t<p>Eine korrekt dimensionierte elektrische Infrarotheizung \u00fcbertrifft an Behaglichkeit und Komfort die meisten anderen Heizsysteme. Sie ist sauber, ger\u00e4uschlos und dar\u00fcber hinaus wartungsfrei. Mittels W\u00e4rmestrahlung lassen sich Wohnr\u00e4ume sehr gleichm\u00e4\u00dfig temperieren. Durch exakte Platzierung von IR-Paneelen k\u00f6nnen zus\u00e4tzlich Komfortzonen gezielt mit W\u00e4rme versorgt werden. Dies f\u00fchrt dazu, dass die zugef\u00fchrte Energie punktgenau und sehr effizient dort eingesetzt werden kann wo sie ben\u00f6tigt wird.<\/p><p>Herk\u00f6mmliche Konvektionsheizungen nutzen hingegen Luft f\u00fcr den W\u00e4rmetransport. Die Nachteile sind bekannt: Durch die aufsteigende Warmluft entsteht ein gro\u00dfes Temperaturgef\u00e4lle zwischen Decke und Boden. W\u00e4hrend in der warmen Luftschicht unterhalb der Decke sehr viel Energie gespeichert ist, die dem Nutzer nicht zug\u00e4nglich ist, befindet sich die k\u00fchlere Luft in Bodenn\u00e4he. Der Nutzer ist gezwungen das Raumthermostat weiter nach oben zu drehen wenn kalte F\u00fc\u00dfe ausbleiben sollen. Au\u00dferdem wirbelt der Warmluftstrom Staub und Bakterien in den Raum und belastet Alleraiker zus\u00e4tzlich.<\/p>\t\t\t\t\t\t<\/div>\n\t\t\t\t<\/div>\n\t\t\t\t<div class=\"elementor-element elementor-element-8e20696 elementor-widget elementor-widget-image\" data-id=\"8e20696\" data-element_type=\"widget\" data-widget_type=\"image.default\">\n\t\t\t\t<div class=\"elementor-widget-container\">\n\t\t\t\t\t\t\t\t\t\t\t\t\t<img decoding=\"async\" width=\"1024\" height=\"381\" src=\"https:\/\/www.ig-infrared.com\/wordpress\/wp-content\/uploads\/2023\/04\/raumtemperaturvergleich_3-1024x381.png\" class=\"attachment-large size-large wp-image-29\" alt=\"\" srcset=\"https:\/\/www.ig-infrared.com\/wordpress\/wp-content\/uploads\/2023\/04\/raumtemperaturvergleich_3-1024x381.png 1024w, https:\/\/www.ig-infrared.com\/wordpress\/wp-content\/uploads\/2023\/04\/raumtemperaturvergleich_3-300x112.png 300w, https:\/\/www.ig-infrared.com\/wordpress\/wp-content\/uploads\/2023\/04\/raumtemperaturvergleich_3-768x286.png 768w, https:\/\/www.ig-infrared.com\/wordpress\/wp-content\/uploads\/2023\/04\/raumtemperaturvergleich_3.png 1500w\" sizes=\"(max-width: 1024px) 100vw, 1024px\" \/>\t\t\t\t\t\t\t\t\t\t\t\t\t<\/div>\n\t\t\t\t<\/div>\n\t\t\t\t<div class=\"elementor-element elementor-element-cb6eba0 elementor-widget elementor-widget-text-editor\" data-id=\"cb6eba0\" data-element_type=\"widget\" data-widget_type=\"text-editor.default\">\n\t\t\t\t<div class=\"elementor-widget-container\">\n\t\t\t\t\t\t\t<p>Im Gegensatz dazu entsteht bei Infrarotheizungen keine Aufwirbelung von Staub und Bakterien &#8211; sie sind daher gerade f\u00fcr Allergiker und Asthmatiker bestens geeignet. Durch die h\u00f6here Wandtemperatur gelangt Feuchtigkeit aus der Wand in die Luft und verbessert die D\u00e4mmung und das Raumklima, verhindert Kondensation und damit in der schlimmsten Folge Schimmel. Die homogene Temperaturverteilung im Raum steigert die Behaglichkeit.<\/p>\t\t\t\t\t\t<\/div>\n\t\t\t\t<\/div>\n\t\t\t\t\t<\/div>\n\t\t\t\t<\/div>\n\t\t\t\t<\/div>\n\t\t","protected":false},"excerpt":{"rendered":"<p>Heizen mit Infrarot. einfach. sch\u00f6n. warm. Minimaler Energieverbrauch bei maximaler W\u00e4rmeabgabe. Angenehmes Raumklima und individuelle Wohlf\u00fchloasen. W\u00e4rme erzeugen genau dort wo und wann man sie braucht. Das alles bieten Infrarotheizl\u00f6sungen europ\u00e4ischer Qualit\u00e4tsanbieter. Eine korrekt dimensionierte elektrische Infrarotheizung \u00fcbertrifft an Behaglichkeit und Komfort die meisten anderen Heizsysteme. Mittels Infrarot W\u00e4rmestrahlung lassen sich Wohnr\u00e4ume sehr gleichm\u00e4\u00dfig temperieren. [&hellip;]<\/p>\n","protected":false},"author":1,"featured_media":0,"parent":0,"menu_order":0,"comment_status":"closed","ping_status":"closed","template":"","meta":{"footnotes":""},"class_list":["post-190","page","type-page","status-publish","hentry"],"_links":{"self":[{"href":"https:\/\/www.ig-infrared.com\/wordpress\/wp-json\/wp\/v2\/pages\/190","targetHints":{"allow":["GET"]}}],"collection":[{"href":"https:\/\/www.ig-infrared.com\/wordpress\/wp-json\/wp\/v2\/pages"}],"about":[{"href":"https:\/\/www.ig-infrared.com\/wordpress\/wp-json\/wp\/v2\/types\/page"}],"author":[{"embeddable":true,"href":"https:\/\/www.ig-infrared.com\/wordpress\/wp-json\/wp\/v2\/users\/1"}],"replies":[{"embeddable":true,"href":"https:\/\/www.ig-infrared.com\/wordpress\/wp-json\/wp\/v2\/comments?post=190"}],"version-history":[{"count":7,"href":"https:\/\/www.ig-infrared.com\/wordpress\/wp-json\/wp\/v2\/pages\/190\/revisions"}],"predecessor-version":[{"id":197,"href":"https:\/\/www.ig-infrared.com\/wordpress\/wp-json\/wp\/v2\/pages\/190\/revisions\/197"}],"wp:attachment":[{"href":"https:\/\/www.ig-infrared.com\/wordpress\/wp-json\/wp\/v2\/media?parent=190"}],"curies":[{"name":"wp","href":"https:\/\/api.w.org\/{rel}","templated":true}]}}