{"id":142,"date":"2023-04-12T09:07:04","date_gmt":"2023-04-12T07:07:04","guid":{"rendered":"https:\/\/www.ig-infrared.com\/wordpress\/?page_id=142"},"modified":"2024-03-12T08:43:36","modified_gmt":"2024-03-12T07:43:36","slug":"home","status":"publish","type":"page","link":"https:\/\/www.ig-infrared.com\/wordpress\/","title":{"rendered":"Home"},"content":{"rendered":"\t\t<div data-elementor-type=\"wp-post\" data-elementor-id=\"142\" class=\"elementor elementor-142\">\n\t\t\t\t<div class=\"elementor-element elementor-element-0eea619 e-flex e-con-boxed e-con e-parent\" data-id=\"0eea619\" data-element_type=\"container\" data-core-v316-plus=\"true\">\n\t\t\t\t\t<div class=\"e-con-inner\">\n\t\t\t\t<div class=\"elementor-element elementor-element-9981329 elementor-widget elementor-widget-image\" data-id=\"9981329\" data-element_type=\"widget\" data-widget_type=\"image.default\">\n\t\t\t\t<div class=\"elementor-widget-container\">\n\t\t\t<style>\/*! elementor - v3.20.0 - 26-03-2024 *\/\n.elementor-widget-image{text-align:center}.elementor-widget-image a{display:inline-block}.elementor-widget-image a img[src$=\".svg\"]{width:48px}.elementor-widget-image img{vertical-align:middle;display:inline-block}<\/style>\t\t\t\t\t\t\t\t\t\t<img fetchpriority=\"high\" decoding=\"async\" width=\"710\" height=\"375\" src=\"https:\/\/www.ig-infrared.com\/wordpress\/wp-content\/uploads\/2024\/03\/WE-Line_300dpi-710x375.jpg\" class=\"attachment-magazine size-magazine wp-image-296\" alt=\"\" \/>\t\t\t\t\t\t\t\t\t\t\t\t\t<\/div>\n\t\t\t\t<\/div>\n\t\t\t\t\t<\/div>\n\t\t\t\t<\/div>\n\t\t<div class=\"elementor-element elementor-element-2ee8c98 e-flex e-con-boxed e-con e-parent\" data-id=\"2ee8c98\" data-element_type=\"container\" data-core-v316-plus=\"true\">\n\t\t\t\t\t<div class=\"e-con-inner\">\n\t\t<div class=\"elementor-element elementor-element-65a7a2f e-con-full e-flex e-con e-child\" data-id=\"65a7a2f\" data-element_type=\"container\" data-settings=\"{&quot;background_background&quot;:&quot;classic&quot;}\">\n\t\t\t\t<div class=\"elementor-element elementor-element-463f762 elementor-widget elementor-widget-heading\" data-id=\"463f762\" data-element_type=\"widget\" data-widget_type=\"heading.default\">\n\t\t\t\t<div class=\"elementor-widget-container\">\n\t\t\t<style>\/*! elementor - v3.20.0 - 26-03-2024 *\/\n.elementor-heading-title{padding:0;margin:0;line-height:1}.elementor-widget-heading .elementor-heading-title[class*=elementor-size-]>a{color:inherit;font-size:inherit;line-height:inherit}.elementor-widget-heading .elementor-heading-title.elementor-size-small{font-size:15px}.elementor-widget-heading .elementor-heading-title.elementor-size-medium{font-size:19px}.elementor-widget-heading .elementor-heading-title.elementor-size-large{font-size:29px}.elementor-widget-heading .elementor-heading-title.elementor-size-xl{font-size:39px}.elementor-widget-heading .elementor-heading-title.elementor-size-xxl{font-size:59px}<\/style><h2 class=\"elementor-heading-title elementor-size-default\">IG Infrarot<br>Die Initiative.<\/h2>\t\t<\/div>\n\t\t\t\t<\/div>\n\t\t\t\t<div class=\"elementor-element elementor-element-993c051 elementor-widget elementor-widget-text-editor\" data-id=\"993c051\" data-element_type=\"widget\" data-widget_type=\"text-editor.default\">\n\t\t\t\t<div class=\"elementor-widget-container\">\n\t\t\t<style>\/*! elementor - v3.20.0 - 26-03-2024 *\/\n.elementor-widget-text-editor.elementor-drop-cap-view-stacked .elementor-drop-cap{background-color:#69727d;color:#fff}.elementor-widget-text-editor.elementor-drop-cap-view-framed .elementor-drop-cap{color:#69727d;border:3px solid;background-color:transparent}.elementor-widget-text-editor:not(.elementor-drop-cap-view-default) .elementor-drop-cap{margin-top:8px}.elementor-widget-text-editor:not(.elementor-drop-cap-view-default) .elementor-drop-cap-letter{width:1em;height:1em}.elementor-widget-text-editor .elementor-drop-cap{float:left;text-align:center;line-height:1;font-size:50px}.elementor-widget-text-editor .elementor-drop-cap-letter{display:inline-block}<\/style>\t\t\t\t<p>Das Ziel der IG Infrarot ist es, \u201eHeizen mit Infrarot&#8220; als anerkannte Standardheizl\u00f6sung f\u00fcr Geb\u00e4ude zu etablieren. Der ben\u00f6tigte Strom soll dabei vorzugsweise aus erneuerbaren Energien gewonnen werden. Dem wird mit fortschreitender Energiewende immer besser\u00a0Rechnung getragen.<\/p><p>Sowohl die Energieerzeugung und -verteilung als auch die W\u00e4rmeabgabe im Geb\u00e4ude sollen fester Bestandteil ganzheitlicher Geb\u00e4udekonzepte werden, wie sie heute in besonders innovativen\u00a0Projekten bereits anzutreffen sind.<\/p>\t\t\t\t\t\t<\/div>\n\t\t\t\t<\/div>\n\t\t\t\t<div class=\"elementor-element elementor-element-1386937 elementor-widget elementor-widget-button\" data-id=\"1386937\" data-element_type=\"widget\" data-widget_type=\"button.default\">\n\t\t\t\t<div class=\"elementor-widget-container\">\n\t\t\t\t\t<div class=\"elementor-button-wrapper\">\n\t\t\t<a class=\"elementor-button elementor-button-link elementor-size-xs\" href=\"https:\/\/www.ig-infrared.com\/wordpress\/ueber-uns\/\">\n\t\t\t\t\t\t<span class=\"elementor-button-content-wrapper\">\n\t\t\t\t\t\t<span class=\"elementor-button-text\">MEHR<\/span>\n\t\t<\/span>\n\t\t\t\t\t<\/a>\n\t\t<\/div>\n\t\t\t\t<\/div>\n\t\t\t\t<\/div>\n\t\t\t\t<\/div>\n\t\t<div class=\"elementor-element elementor-element-eaa0a16 e-con-full e-flex e-con e-child\" data-id=\"eaa0a16\" data-element_type=\"container\" data-settings=\"{&quot;background_background&quot;:&quot;classic&quot;}\">\n\t\t\t\t<div class=\"elementor-element elementor-element-610a4e5 elementor-widget elementor-widget-heading\" data-id=\"610a4e5\" data-element_type=\"widget\" data-widget_type=\"heading.default\">\n\t\t\t\t<div class=\"elementor-widget-container\">\n\t\t\t<h2 class=\"elementor-heading-title elementor-size-default\">Leistbare W\u00e4rme<br>\nF\u00fcr Private.<\/h2>\t\t<\/div>\n\t\t\t\t<\/div>\n\t\t\t\t<div class=\"elementor-element elementor-element-a365426 elementor-widget elementor-widget-text-editor\" data-id=\"a365426\" data-element_type=\"widget\" data-widget_type=\"text-editor.default\">\n\t\t\t\t<div class=\"elementor-widget-container\">\n\t\t\t\t\t\t\t<p>Wer Heizungen baut, tr\u00e4gt Verantwortung f\u00fcr die Menschen und f\u00fcr die Umwelt.<\/p><p>Mitglieder der IG Infrarot stehen daf\u00fcr, verantwortungsvoller zu heizen und umweltbewusster zu handeln. Aus diesem Grund informiert und ber\u00e4t die IG Infrarot \u00fcber immer effizientere Geb\u00e4udekonzepte in Verbindung mit Infrarotheizungen.<\/p><p>Heizen mit Infrarot. einfach. sch\u00f6n. warm.<\/p>\t\t\t\t\t\t<\/div>\n\t\t\t\t<\/div>\n\t\t\t\t<div class=\"elementor-element elementor-element-096549e elementor-widget elementor-widget-button\" data-id=\"096549e\" data-element_type=\"widget\" data-widget_type=\"button.default\">\n\t\t\t\t<div class=\"elementor-widget-container\">\n\t\t\t\t\t<div class=\"elementor-button-wrapper\">\n\t\t\t<a class=\"elementor-button elementor-button-link elementor-size-xs\" href=\"https:\/\/www.ig-infrared.com\/wordpress\/heizen-mit-infrarot\/\">\n\t\t\t\t\t\t<span class=\"elementor-button-content-wrapper\">\n\t\t\t\t\t\t<span class=\"elementor-button-text\">MEHR<\/span>\n\t\t<\/span>\n\t\t\t\t\t<\/a>\n\t\t<\/div>\n\t\t\t\t<\/div>\n\t\t\t\t<\/div>\n\t\t\t\t<\/div>\n\t\t\t\t\t<\/div>\n\t\t\t\t<\/div>\n\t\t<div class=\"elementor-element elementor-element-7c42cd6 e-flex e-con-boxed e-con e-parent\" data-id=\"7c42cd6\" data-element_type=\"container\" data-core-v316-plus=\"true\">\n\t\t\t\t\t<div class=\"e-con-inner\">\n\t\t\t\t<div class=\"elementor-element elementor-element-d53be8b elementor-widget elementor-widget-spacer\" data-id=\"d53be8b\" data-element_type=\"widget\" data-widget_type=\"spacer.default\">\n\t\t\t\t<div class=\"elementor-widget-container\">\n\t\t\t<style>\/*! elementor - v3.20.0 - 26-03-2024 *\/\n.elementor-column .elementor-spacer-inner{height:var(--spacer-size)}.e-con{--container-widget-width:100%}.e-con-inner>.elementor-widget-spacer,.e-con>.elementor-widget-spacer{width:var(--container-widget-width,var(--spacer-size));--align-self:var(--container-widget-align-self,initial);--flex-shrink:0}.e-con-inner>.elementor-widget-spacer>.elementor-widget-container,.e-con>.elementor-widget-spacer>.elementor-widget-container{height:100%;width:100%}.e-con-inner>.elementor-widget-spacer>.elementor-widget-container>.elementor-spacer,.e-con>.elementor-widget-spacer>.elementor-widget-container>.elementor-spacer{height:100%}.e-con-inner>.elementor-widget-spacer>.elementor-widget-container>.elementor-spacer>.elementor-spacer-inner,.e-con>.elementor-widget-spacer>.elementor-widget-container>.elementor-spacer>.elementor-spacer-inner{height:var(--container-widget-height,var(--spacer-size))}.e-con-inner>.elementor-widget-spacer.elementor-widget-empty,.e-con>.elementor-widget-spacer.elementor-widget-empty{position:relative;min-height:22px;min-width:22px}.e-con-inner>.elementor-widget-spacer.elementor-widget-empty .elementor-widget-empty-icon,.e-con>.elementor-widget-spacer.elementor-widget-empty .elementor-widget-empty-icon{position:absolute;top:0;bottom:0;left:0;right:0;margin:auto;padding:0;width:22px;height:22px}<\/style>\t\t<div class=\"elementor-spacer\">\n\t\t\t<div class=\"elementor-spacer-inner\"><\/div>\n\t\t<\/div>\n\t\t\t\t<\/div>\n\t\t\t\t<\/div>\n\t\t\t\t<div class=\"elementor-element elementor-element-0f613b9 elementor-widget elementor-widget-heading\" data-id=\"0f613b9\" data-element_type=\"widget\" data-widget_type=\"heading.default\">\n\t\t\t\t<div class=\"elementor-widget-container\">\n\t\t\t<h2 class=\"elementor-heading-title elementor-size-default\">IG Infrarot Video<\/h2>\t\t<\/div>\n\t\t\t\t<\/div>\n\t\t\t\t<div class=\"elementor-element elementor-element-3ce9e03 elementor-widget elementor-widget-video\" data-id=\"3ce9e03\" data-element_type=\"widget\" data-settings=\"{&quot;youtube_url&quot;:&quot;https:\\\/\\\/youtu.be\\\/chDyUuNP1TU&quot;,&quot;video_type&quot;:&quot;youtube&quot;,&quot;controls&quot;:&quot;yes&quot;}\" data-widget_type=\"video.default\">\n\t\t\t\t<div class=\"elementor-widget-container\">\n\t\t\t<style>\/*! elementor - v3.20.0 - 26-03-2024 *\/\n.elementor-widget-video .elementor-widget-container{overflow:hidden;transform:translateZ(0)}.elementor-widget-video .elementor-wrapper{aspect-ratio:var(--video-aspect-ratio)}.elementor-widget-video .elementor-wrapper iframe,.elementor-widget-video .elementor-wrapper video{height:100%;width:100%;display:flex;border:none;background-color:#000}@supports not (aspect-ratio:1\/1){.elementor-widget-video .elementor-wrapper{position:relative;overflow:hidden;height:0;padding-bottom:calc(100% \/ var(--video-aspect-ratio))}.elementor-widget-video .elementor-wrapper iframe,.elementor-widget-video .elementor-wrapper video{position:absolute;top:0;right:0;bottom:0;left:0}}.elementor-widget-video .elementor-open-inline .elementor-custom-embed-image-overlay{position:absolute;top:0;right:0;bottom:0;left:0;background-size:cover;background-position:50%}.elementor-widget-video .elementor-custom-embed-image-overlay{cursor:pointer;text-align:center}.elementor-widget-video .elementor-custom-embed-image-overlay:hover .elementor-custom-embed-play i{opacity:1}.elementor-widget-video .elementor-custom-embed-image-overlay img{display:block;width:100%;aspect-ratio:var(--video-aspect-ratio);-o-object-fit:cover;object-fit:cover;-o-object-position:center center;object-position:center center}@supports not (aspect-ratio:1\/1){.elementor-widget-video .elementor-custom-embed-image-overlay{position:relative;overflow:hidden;height:0;padding-bottom:calc(100% \/ var(--video-aspect-ratio))}.elementor-widget-video .elementor-custom-embed-image-overlay img{position:absolute;top:0;right:0;bottom:0;left:0}}.elementor-widget-video .e-hosted-video .elementor-video{-o-object-fit:cover;object-fit:cover}.e-con-inner>.elementor-widget-video,.e-con>.elementor-widget-video{width:var(--container-widget-width);--flex-grow:var(--container-widget-flex-grow)}<\/style>\t\t<div class=\"elementor-wrapper elementor-open-inline\">\n\t\t\t<div class=\"elementor-video\"><\/div>\t\t<\/div>\n\t\t\t\t<\/div>\n\t\t\t\t<\/div>\n\t\t\t\t\t<\/div>\n\t\t\t\t<\/div>\n\t\t<div class=\"elementor-element elementor-element-bb7eab4 e-flex e-con-boxed e-con e-parent\" data-id=\"bb7eab4\" data-element_type=\"container\" data-settings=\"{&quot;background_background&quot;:&quot;classic&quot;}\" data-core-v316-plus=\"true\">\n\t\t\t\t\t<div class=\"e-con-inner\">\n\t\t\t\t<div class=\"elementor-element elementor-element-be0f89f elementor-widget elementor-widget-spacer\" data-id=\"be0f89f\" data-element_type=\"widget\" data-widget_type=\"spacer.default\">\n\t\t\t\t<div class=\"elementor-widget-container\">\n\t\t\t\t\t<div class=\"elementor-spacer\">\n\t\t\t<div class=\"elementor-spacer-inner\"><\/div>\n\t\t<\/div>\n\t\t\t\t<\/div>\n\t\t\t\t<\/div>\n\t\t\t\t<div class=\"elementor-element elementor-element-3c4a6c8 elementor-widget elementor-widget-heading\" data-id=\"3c4a6c8\" data-element_type=\"widget\" data-widget_type=\"heading.default\">\n\t\t\t\t<div class=\"elementor-widget-container\">\n\t\t\t<h3 class=\"elementor-heading-title elementor-size-default\">Warum ist Heizen mit Infrarot mittels selbst erzeugtem Strom aus erneuerbaren Energien im Verbund mit einem Enerqiespeicher die Zukunft?<\/h3>\t\t<\/div>\n\t\t\t\t<\/div>\n\t\t\t\t<div class=\"elementor-element elementor-element-ffa361a elementor-widget elementor-widget-text-editor\" data-id=\"ffa361a\" data-element_type=\"widget\" data-widget_type=\"text-editor.default\">\n\t\t\t\t<div class=\"elementor-widget-container\">\n\t\t\t\t\t\t\t<p style=\"margin-top: 0px; margin-bottom: 0px; font-style: normal; font-variant-caps: normal; font-stretch: normal; font-size: 12px; line-height: normal; font-family: Helvetica;\">Was genau macht eine Infrarotheizung eigentlich? Ganz einfach: Infrarot-W\u00e4rmestrahlen erw\u00e4rmen nicht die Raumluft, sondern s\u00e4mtliche Oberfl\u00e4chen und Personen im Raum. Die W\u00e4rme wird von der Geb\u00e4udeh\u00fclle und den Gegenst\u00e4nden gespeichert und gleichm\u00e4\u00dfig wieder abgegeben. Aus allen Raumrichtungen kommt somit behagliche W\u00e4rme. Eine reine Elektroinstallation, keine W\u00e4rmeverluste, mit wenigen Handgriffen montiert. Behagliches\u00a0<span style=\"font-family: Helvetica; font-size: 12px; font-style: normal; font-variant-caps: normal; color: var( --e-global-color-text ); text-align: var(--text-align);\">Raumklima ohne Staubaufwirbelung, umweltfreundlich, wartungsfrei und absolut sicher.<\/span><\/p><p style=\"margin-top: 0px; margin-bottom: 0px; font-style: normal; font-variant-caps: normal; font-stretch: normal; font-size: 12px; line-height: normal; font-family: Helvetica;\"><span style=\"font-family: Helvetica; font-size: 12px; font-style: normal; font-variant-caps: normal; color: var( --e-global-color-text ); text-align: var(--text-align);\">\u00a0<\/span><\/p><p style=\"margin-top: 0px; margin-bottom: 0px; font-style: normal; font-variant-caps: normal; font-stretch: normal; font-size: 12px; line-height: normal; font-family: Helvetica;\">Und jetzt kommt das Beste: nun kommt Strom aus erneuerbaren Energien und Batteriespeicher ins Spiel. Denn ganz ehrlich: die Zeiten von unverantwortlichem Ressourcenverbrauch f\u00fcr Holz-, Kohle-, \u00d6l- oder Gasheizung mit ausgeholzten W\u00e4ldern und rauchenden Schloten sollten ein f\u00fcr allemal der Vergangenheit angeh\u00f6ren. Die Zukunft hei\u00dft: Strom, der selbst verbraucht wird, kann auch selbst produziert werden. Nat\u00fcrlich kann selbst erzeugter Strom f\u00fcr alle elektrischen Verbraucher verwendet werden. Daraus resultiert weniger Bezug aus dem Stromnetz.<\/p><p style=\"margin-top: 0px; margin-bottom: 0px; font-style: normal; font-variant-caps: normal; font-stretch: normal; font-size: 12px; line-height: normal; font-family: Helvetica;\"><span style=\"font-family: Helvetica; font-size: 12px; font-style: normal; font-variant-caps: normal; color: var( --e-global-color-text ); text-align: var(--text-align);\">\u00a0<\/span><\/p><p style=\"margin-top: 0px; margin-bottom: 0px; font-style: normal; font-variant-caps: normal; font-stretch: normal; font-size: 12px; line-height: normal; font-family: Helvetica;\"><span style=\"font-family: Helvetica; font-size: 12px; font-style: normal; font-variant-caps: normal; color: var( --e-global-color-text ); text-align: var(--text-align);\">Unser Rezept daf\u00fcr: Man nehme sauberen Strom aus einer Photovoltaikanlage, steigere den Eigenverbrauch durch einen Batteriespeicher, dazu nach Bedarf g\u00fcnstigen Infrarot-\u00d6kostrom aus dem Netz. Fehlt nur noch ein optimal ged\u00e4mmtes Haus und schon ist wohlige W\u00e4rme mit h\u00f6chstem\u00a0<\/span><span style=\"font-family: Helvetica; font-size: 12px; font-style: normal; font-variant-caps: normal; color: var( --e-global-color-text ); text-align: var(--text-align);\">Wohlf\u00fchlfaktor garantiert.<\/span><\/p><p style=\"margin-top: 0px; margin-bottom: 0px; font-style: normal; font-variant-caps: normal; font-stretch: normal; font-size: 12px; line-height: normal; font-family: Helvetica;\"><span style=\"font-family: Helvetica; font-size: 12px; font-style: normal; font-variant-caps: normal; color: var( --e-global-color-text ); text-align: var(--text-align);\">\u00a0<\/span><\/p><p style=\"margin-top: 0px; margin-bottom: 0px; font-style: normal; font-variant-caps: normal; font-stretch: normal; font-size: 12px; line-height: normal; font-family: Helvetica;\"><span style=\"font-family: Helvetica; font-size: 12px; font-style: normal; font-variant-caps: normal; color: var( --e-global-color-text ); text-align: var(--text-align);\">Die Vision der Interessengemeinschaft Infrarot: Heizen mit Infrarot ist Standard in Geb\u00e4uden. Dabei wird Strom vorzugsweise aus erneuerbaren Energien genutzt.<\/span><\/p><p style=\"margin-top: 0px; margin-bottom: 0px; font-style: normal; font-variant-caps: normal; font-stretch: normal; font-size: 12px; line-height: normal; font-family: Helvetica;\"><span style=\"font-family: Helvetica; font-size: 12px; font-style: normal; font-variant-caps: normal; color: var( --e-global-color-text ); text-align: var(--text-align);\">\u00a0<\/span><\/p><p style=\"margin-top: 0px; margin-bottom: 0px; font-style: normal; font-variant-caps: normal; font-stretch: normal; font-size: 12px; line-height: normal; font-family: Helvetica;\"><span style=\"font-family: Helvetica; font-size: 12px; font-style: normal; font-variant-caps: normal; color: var( --e-global-color-text ); text-align: var(--text-align);\">Heizen mit Infrarot eben einfach. sch\u00f6n. warm.<\/span><\/p>\t\t\t\t\t\t<\/div>\n\t\t\t\t<\/div>\n\t\t\t\t\t<\/div>\n\t\t\t\t<\/div>\n\t\t\t\t<\/div>\n\t\t","protected":false},"excerpt":{"rendered":"<p>IG InfrarotDie Initiative. Das Ziel der IG Infrarot ist es, \u201eHeizen mit Infrarot&#8220; als anerkannte Standardheizl\u00f6sung f\u00fcr Geb\u00e4ude zu etablieren. Der ben\u00f6tigte Strom soll dabei vorzugsweise aus erneuerbaren Energien gewonnen werden. Dem wird mit fortschreitender Energiewende immer besser\u00a0Rechnung getragen. Sowohl die Energieerzeugung und -verteilung als auch die W\u00e4rmeabgabe im Geb\u00e4ude sollen fester Bestandteil ganzheitlicher Geb\u00e4udekonzepte [&hellip;]<\/p>\n","protected":false},"author":1,"featured_media":0,"parent":0,"menu_order":0,"comment_status":"closed","ping_status":"closed","template":"","meta":{"footnotes":""},"class_list":["post-142","page","type-page","status-publish","hentry"],"_links":{"self":[{"href":"https:\/\/www.ig-infrared.com\/wordpress\/wp-json\/wp\/v2\/pages\/142","targetHints":{"allow":["GET"]}}],"collection":[{"href":"https:\/\/www.ig-infrared.com\/wordpress\/wp-json\/wp\/v2\/pages"}],"about":[{"href":"https:\/\/www.ig-infrared.com\/wordpress\/wp-json\/wp\/v2\/types\/page"}],"author":[{"embeddable":true,"href":"https:\/\/www.ig-infrared.com\/wordpress\/wp-json\/wp\/v2\/users\/1"}],"replies":[{"embeddable":true,"href":"https:\/\/www.ig-infrared.com\/wordpress\/wp-json\/wp\/v2\/comments?post=142"}],"version-history":[{"count":53,"href":"https:\/\/www.ig-infrared.com\/wordpress\/wp-json\/wp\/v2\/pages\/142\/revisions"}],"predecessor-version":[{"id":299,"href":"https:\/\/www.ig-infrared.com\/wordpress\/wp-json\/wp\/v2\/pages\/142\/revisions\/299"}],"wp:attachment":[{"href":"https:\/\/www.ig-infrared.com\/wordpress\/wp-json\/wp\/v2\/media?parent=142"}],"curies":[{"name":"wp","href":"https:\/\/api.w.org\/{rel}","templated":true}]}}